{"id":6462,"date":"2023-03-31T20:02:32","date_gmt":"2023-03-31T20:02:32","guid":{"rendered":"https:\/\/guvenliyasam.net\/?post_type=product&#038;p=6462"},"modified":"2023-04-05T09:35:43","modified_gmt":"2023-04-05T09:35:43","slug":"loft-45-m2-tek-katli-21-prefabrik-ev","status":"publish","type":"product","link":"https:\/\/guvenliyasam.net\/?product=loft-45-m2-tek-katli-21-prefabrik-ev","title":{"rendered":"Loft Prefabrik Ev"},"content":{"rendered":"<p>Loft, prefabrik yap\u0131m teknolojisi kullan\u0131larak \u00fcretilen ve m\u00fc\u015fterilerimizin talepleri do\u011frultusunda \u00f6zelle\u015ftirilebilen yap\u0131lardand\u0131r. Loft, kolay kurulumu, hafif yap\u0131s\u0131 ve dayan\u0131kl\u0131 malzemeleri ile \u00f6n plana \u00e7\u0131kar. Ayr\u0131ca, enerji tasarruflu malzemeler kullan\u0131larak \u00fcretildi\u011fi i\u00e7in enerji faturalar\u0131nda da tasarruf sa\u011flarlar.<\/p>\n<p>Sonu\u00e7 olarak, Loft prefabrik ev, \u015f\u0131k, konforlu ve modern bir ya\u015fam alan\u0131 sunar. Kompakt tasar\u0131m\u0131, pratik kullan\u0131m alanlar\u0131 ve dayan\u0131kl\u0131 malzemeleri ile m\u00fc\u015fterilerimiz i\u00e7in ideal bir se\u00e7enektir.<\/p>\n","protected":false},"excerpt":{"rendered":"<p>Loft, m\u00fc\u015fterilerimize fonksiyonel bir ya\u015fam alan\u0131 sunmak i\u00e7in tasarlanm\u0131\u015ft\u0131r. Oturma odas\u0131, g\u00fcne\u015f \u0131\u015f\u0131\u011f\u0131ndan maksimum d\u00fczeyde yararlanmak i\u00e7in b\u00fcy\u00fck pencerelerle donat\u0131lm\u0131\u015ft\u0131r ve geni\u015f bir alan\u0131 kaplamaktad\u0131r. Yatak odalar\u0131 ise ferah ve rahat bir uyku alan\u0131 sunmak i\u00e7in d\u00fczenlenmi\u015ftir.<\/p>\n","protected":false},"featured_media":6677,"template":"","meta":[],"product_cat":[47],"product_tag":[],"_links":{"self":[{"href":"https:\/\/guvenliyasam.net\/index.php?rest_route=\/wp\/v2\/product\/6462"}],"collection":[{"href":"https:\/\/guvenliyasam.net\/index.php?rest_route=\/wp\/v2\/product"}],"about":[{"href":"https:\/\/guvenliyasam.net\/index.php?rest_route=\/wp\/v2\/types\/product"}],"wp:featuredmedia":[{"embeddable":true,"href":"https:\/\/guvenliyasam.net\/index.php?rest_route=\/wp\/v2\/media\/6677"}],"wp:attachment":[{"href":"https:\/\/guvenliyasam.net\/index.php?rest_route=%2Fwp%2Fv2%2Fmedia&parent=6462"}],"wp:term":[{"taxonomy":"product_cat","embeddable":true,"href":"https:\/\/guvenliyasam.net\/index.php?rest_route=%2Fwp%2Fv2%2Fproduct_cat&post=6462"},{"taxonomy":"product_tag","embeddable":true,"href":"https:\/\/guvenliyasam.net\/index.php?rest_route=%2Fwp%2Fv2%2Fproduct_tag&post=6462"}],"curies":[{"name":"wp","href":"https:\/\/api.w.org\/{rel}","templated":true}]}}