{"id":6305,"date":"2023-03-20T13:43:44","date_gmt":"2023-03-20T13:43:44","guid":{"rendered":"https:\/\/guvenliyasam.net\/?post_type=product&#038;p=6305"},"modified":"2023-04-04T06:27:10","modified_gmt":"2023-04-04T06:27:10","slug":"34-m2-tek-katli-celik-ev","status":"publish","type":"product","link":"https:\/\/guvenliyasam.net\/?product=34-m2-tek-katli-celik-ev","title":{"rendered":"Arte 90 m2 Tek Katl\u0131 \u00c7elik Ev"},"content":{"rendered":"<p>\u00c7elik evlerin hafif yap\u0131s\u0131 sayesinde, Arte 90 m2 tek katl\u0131 \u00e7elik ev, k\u0131sa bir in\u015faat s\u00fcresine sahiptir ve daha d\u00fc\u015f\u00fck in\u015faat maliyetleri sunar. Ayr\u0131ca, \u00e7elik evler, yang\u0131n, deprem ve hava ko\u015fullar\u0131na kar\u015f\u0131 dayan\u0131kl\u0131d\u0131r ve enerji verimlili\u011fi a\u00e7\u0131s\u0131ndan da olduk\u00e7a avantajl\u0131d\u0131r. Arte 90 m2 tek katl\u0131 \u00e7elik evi, m\u00fc\u015fterilerimize \u00f6zel olarak tasarlanm\u0131\u015f ve ihtiya\u00e7lar\u0131na uygun olarak \u00fcretilmi\u015ftir. \u00c7evre dostu ve ekonomik bir ya\u015fam alan\u0131 arayanlar i\u00e7in Arte 90 m2 tek katl\u0131 \u00e7elik evi ideal bir se\u00e7enektir. Siz de firmam\u0131zla ileti\u015fime ge\u00e7erek Arte 90 m2 tek katl\u0131 \u00e7elik ev sahibi olabilirsiniz.<\/p>\n","protected":false},"excerpt":{"rendered":"<p>Arte 90 m2 tek katl\u0131 \u00e7elik ev, modern ve estetik bir tasar\u0131ma sahip, \u00e7evre dostu ve dayan\u0131kl\u0131 bir konut se\u00e7ene\u011fidir. \u0130\u00e7 mekan\u0131nda kullan\u0131lan y\u00fcksek kaliteli malzemeler sayesinde, ev sahiplerine konforlu bir ya\u015fam alan\u0131 sunar.<\/p>\n","protected":false},"featured_media":6470,"template":"","meta":[],"product_cat":[52],"product_tag":[],"_links":{"self":[{"href":"https:\/\/guvenliyasam.net\/index.php?rest_route=\/wp\/v2\/product\/6305"}],"collection":[{"href":"https:\/\/guvenliyasam.net\/index.php?rest_route=\/wp\/v2\/product"}],"about":[{"href":"https:\/\/guvenliyasam.net\/index.php?rest_route=\/wp\/v2\/types\/product"}],"wp:featuredmedia":[{"embeddable":true,"href":"https:\/\/guvenliyasam.net\/index.php?rest_route=\/wp\/v2\/media\/6470"}],"wp:attachment":[{"href":"https:\/\/guvenliyasam.net\/index.php?rest_route=%2Fwp%2Fv2%2Fmedia&parent=6305"}],"wp:term":[{"taxonomy":"product_cat","embeddable":true,"href":"https:\/\/guvenliyasam.net\/index.php?rest_route=%2Fwp%2Fv2%2Fproduct_cat&post=6305"},{"taxonomy":"product_tag","embeddable":true,"href":"https:\/\/guvenliyasam.net\/index.php?rest_route=%2Fwp%2Fv2%2Fproduct_tag&post=6305"}],"curies":[{"name":"wp","href":"https:\/\/api.w.org\/{rel}","templated":true}]}}