{"id":6301,"date":"2023-03-20T13:42:17","date_gmt":"2023-03-20T13:42:17","guid":{"rendered":"https:\/\/guvenliyasam.net\/?post_type=product&#038;p=6301"},"modified":"2023-04-05T09:34:30","modified_gmt":"2023-04-05T09:34:30","slug":"99-m2-iki-katli-21-celik-ev","status":"publish","type":"product","link":"https:\/\/guvenliyasam.net\/?product=99-m2-iki-katli-21-celik-ev","title":{"rendered":"Icon 208 m2 2 Katl\u0131 Prefabrik Ev"},"content":{"rendered":"<p>Icon 208 m2, 2 Katl\u0131 Prefabrik Ev, modern bir tasar\u0131ma sahip, geni\u015f aileler veya konuk a\u011f\u0131rlamay\u0131 sevenler i\u00e7in ideal bir se\u00e7enektir. Bu ev, m\u00fc\u015fterilerimize l\u00fcks ve rahat bir ya\u015fam alan\u0131 sunar.<\/p>\n<p>Y\u00fcksek tavanlar\u0131 ve b\u00fcy\u00fck pencereleri sayesinde ferah ve ayd\u0131nl\u0131k bir atmosfer yarat\u0131r. Ayr\u0131ca, yatak odalar\u0131 geni\u015f ve konforlu bir uyku alan\u0131 sa\u011flamak i\u00e7in tasarlanm\u0131\u015ft\u0131r.<\/p>\n<p>Icon,h\u0131zl\u0131 kurulumu, kolay ta\u015f\u0131nabilirli\u011fi ve enerji tasarruflu malzemeleri ile \u00f6n plana \u00e7\u0131kar. Ayr\u0131ca, sa\u011flam ve dayan\u0131kl\u0131 malzemeler kullan\u0131larak \u00fcretildi\u011fi i\u00e7in m\u00fc\u015fterilerimiz i\u00e7in uzun \u00f6m\u00fcrl\u00fc bir yat\u0131r\u0131m sa\u011flar.<\/p>\n","protected":false},"excerpt":{"rendered":"<p>Icon 208 m2 2 Katl\u0131 Prefabrik Ev, l\u00fcks ve modern bir ya\u015fam alan\u0131 sunar. Geni\u015f i\u00e7 tasar\u0131m\u0131, sa\u011flam yap\u0131s\u0131 ve enerji tasarruflu malzemeleri ile m\u00fc\u015fterilerimiz i\u00e7in ideal bir se\u00e7enektir. Evin \u00f6zelle\u015ftirilebilir olmas\u0131, m\u00fc\u015fterilerimize kendilerine \u00f6zg\u00fc bir ya\u015fam alan\u0131 yaratma imkan\u0131 sunar.<\/p>\n","protected":false},"featured_media":6681,"template":"","meta":[],"product_cat":[47],"product_tag":[],"_links":{"self":[{"href":"https:\/\/guvenliyasam.net\/index.php?rest_route=\/wp\/v2\/product\/6301"}],"collection":[{"href":"https:\/\/guvenliyasam.net\/index.php?rest_route=\/wp\/v2\/product"}],"about":[{"href":"https:\/\/guvenliyasam.net\/index.php?rest_route=\/wp\/v2\/types\/product"}],"wp:featuredmedia":[{"embeddable":true,"href":"https:\/\/guvenliyasam.net\/index.php?rest_route=\/wp\/v2\/media\/6681"}],"wp:attachment":[{"href":"https:\/\/guvenliyasam.net\/index.php?rest_route=%2Fwp%2Fv2%2Fmedia&parent=6301"}],"wp:term":[{"taxonomy":"product_cat","embeddable":true,"href":"https:\/\/guvenliyasam.net\/index.php?rest_route=%2Fwp%2Fv2%2Fproduct_cat&post=6301"},{"taxonomy":"product_tag","embeddable":true,"href":"https:\/\/guvenliyasam.net\/index.php?rest_route=%2Fwp%2Fv2%2Fproduct_tag&post=6301"}],"curies":[{"name":"wp","href":"https:\/\/api.w.org\/{rel}","templated":true}]}}