{"id":6188,"date":"2023-03-20T11:38:14","date_gmt":"2023-03-20T11:38:14","guid":{"rendered":"https:\/\/guvenliyasam.net\/?post_type=product&#038;p=6188"},"modified":"2023-04-04T07:15:08","modified_gmt":"2023-04-04T07:15:08","slug":"66-m2-tek-katli-21-prefabrik-ev","status":"publish","type":"product","link":"https:\/\/guvenliyasam.net\/?product=66-m2-tek-katli-21-prefabrik-ev","title":{"rendered":"Casa 43m2 Konteyner Ev"},"content":{"rendered":"<p>Casa 43m2 konteyner evinin i\u00e7 mekan\u0131, a\u00e7\u0131k bir ya\u015fam alan\u0131 konseptiyle tasarlanm\u0131\u015ft\u0131r. Tamamen donan\u0131ml\u0131 mutfak, geni\u015f bir oturma alan\u0131 ve yemek masas\u0131yla birlikte rahat bir ya\u015fam sunar. Ayr\u0131ca, geni\u015f pencerelerden gelen do\u011fal \u0131\u015f\u0131k sayesinde evin i\u00e7inde s\u0131cak bir atmosfer yarat\u0131l\u0131r. Ayr\u0131 bir yatak odas\u0131 ve banyo da bulunmaktad\u0131r. D\u0131\u015f cephesi, dayan\u0131kl\u0131 ve hava ko\u015fullar\u0131na dayan\u0131kl\u0131 malzemelerden yap\u0131lm\u0131\u015ft\u0131r.<\/p>\n<p>Casa 43m2 konteyner evi, modern ve \u015f\u0131k bir ya\u015fam alan\u0131 sunar. Dayan\u0131kl\u0131, enerji tasarruflu ve \u00e7evre dostu bir yap\u0131ya sahip olan bu konteyner ev, farkl\u0131 ihtiya\u00e7lara uygun bir \u015fekilde \u00f6zelle\u015ftirilebilir ve kurulumu kolayd\u0131r.<\/p>\n","protected":false},"excerpt":{"rendered":"<p>Casa 43m2 konteyner ev, modern ve minimalist tasar\u0131m\u0131yla birlikte hayat\u0131n\u0131z\u0131 kolayla\u015ft\u0131rmak i\u00e7in tasarlanm\u0131\u015ft\u0131r. Hem i\u00e7 hem de d\u0131\u015f mekanlar\u0131yla \u015f\u0131k bir g\u00f6r\u00fcn\u00fcm sunan bu konteyner ev, \u00e7iftler veya tek ki\u015filik aileler i\u00e7in m\u00fckemmel bir se\u00e7enektir.<\/p>\n","protected":false},"featured_media":6496,"template":"","meta":[],"product_cat":[55],"product_tag":[],"_links":{"self":[{"href":"https:\/\/guvenliyasam.net\/index.php?rest_route=\/wp\/v2\/product\/6188"}],"collection":[{"href":"https:\/\/guvenliyasam.net\/index.php?rest_route=\/wp\/v2\/product"}],"about":[{"href":"https:\/\/guvenliyasam.net\/index.php?rest_route=\/wp\/v2\/types\/product"}],"wp:featuredmedia":[{"embeddable":true,"href":"https:\/\/guvenliyasam.net\/index.php?rest_route=\/wp\/v2\/media\/6496"}],"wp:attachment":[{"href":"https:\/\/guvenliyasam.net\/index.php?rest_route=%2Fwp%2Fv2%2Fmedia&parent=6188"}],"wp:term":[{"taxonomy":"product_cat","embeddable":true,"href":"https:\/\/guvenliyasam.net\/index.php?rest_route=%2Fwp%2Fv2%2Fproduct_cat&post=6188"},{"taxonomy":"product_tag","embeddable":true,"href":"https:\/\/guvenliyasam.net\/index.php?rest_route=%2Fwp%2Fv2%2Fproduct_tag&post=6188"}],"curies":[{"name":"wp","href":"https:\/\/api.w.org\/{rel}","templated":true}]}}