{"id":6458,"date":"2023-03-31T19:25:03","date_gmt":"2023-03-31T19:25:03","guid":{"rendered":"https:\/\/guvenliyasam.net\/?page_id=6458"},"modified":"2023-03-31T20:50:07","modified_gmt":"2023-03-31T20:50:07","slug":"urunlerimiz","status":"publish","type":"page","link":"https:\/\/guvenliyasam.net\/?page_id=6458","title":{"rendered":"\u00dcr\u00fcnlerimiz"},"content":{"rendered":"\t\t<div data-elementor-type=\"wp-page\" data-elementor-id=\"6458\" class=\"elementor elementor-6458\">\n\t\t\t\t\t\t\t\t\t<section class=\"elementor-section elementor-top-section elementor-element elementor-element-9c8dca9 elementor-section-boxed elementor-section-height-default elementor-section-height-default\" data-id=\"9c8dca9\" data-element_type=\"section\">\n\t\t\t\t\t\t<div class=\"elementor-container elementor-column-gap-default\">\n\t\t\t\t\t<div class=\"elementor-column elementor-col-100 elementor-top-column elementor-element elementor-element-5bcf79f\" data-id=\"5bcf79f\" data-element_type=\"column\">\n\t\t\t<div class=\"elementor-widget-wrap elementor-element-populated\">\n\t\t\t\t\t\t\t\t<div class=\"elementor-element elementor-element-219fafc elementor-widget elementor-widget-heading\" data-id=\"219fafc\" data-element_type=\"widget\" data-widget_type=\"heading.default\">\n\t\t\t\t<div class=\"elementor-widget-container\">\n\t\t\t<style>\/*! elementor - v3.11.5 - 14-03-2023 *\/\n.elementor-heading-title{padding:0;margin:0;line-height:1}.elementor-widget-heading .elementor-heading-title[class*=elementor-size-]>a{color:inherit;font-size:inherit;line-height:inherit}.elementor-widget-heading .elementor-heading-title.elementor-size-small{font-size:15px}.elementor-widget-heading .elementor-heading-title.elementor-size-medium{font-size:19px}.elementor-widget-heading .elementor-heading-title.elementor-size-large{font-size:29px}.elementor-widget-heading .elementor-heading-title.elementor-size-xl{font-size:39px}.elementor-widget-heading .elementor-heading-title.elementor-size-xxl{font-size:59px}<\/style><h2 class=\"elementor-heading-title elementor-size-default\">\u00dcr\u00fcnlerimiz<\/h2>\t\t<\/div>\n\t\t\t\t<\/div>\n\t\t\t\t<div class=\"elementor-element elementor-element-62a60a3 elementor-widget elementor-widget-heading\" data-id=\"62a60a3\" data-element_type=\"widget\" data-widget_type=\"heading.default\">\n\t\t\t\t<div class=\"elementor-widget-container\">\n\t\t\t<h2 class=\"elementor-heading-title elementor-size-default\">Prefabrik ev fiyatlar\u0131 ile ilgili bir ara\u015ft\u0131rma m\u0131 yapmak istiyorsunuz? O zaman size firmam\u0131z\u0131n prefabrik ev modelleri se\u00e7eneklerini de\u011ferlendirmenizi tavsiye edebiliriz. Tek katl\u0131 ya da \u00e7ift katl\u0131, tek oda, iki oda, \u00fc\u00e7, d\u00f6rt ya da sizin istedi\u011finiz ka\u00e7 oda ise say\u0131s\u0131 art\u0131r\u0131labilecek \u015fekilde tasar\u0131m\u0131 yap\u0131lan, plan\u0131 \u00e7izilen ve par\u00e7alar\u0131 olu\u015fturulan ev modellerimiz i\u00e7in internet sitemizden fikir sahibi olabilirsiniz. \u0130deal prefabrik ev \u2018de Sizin i\u00e7in tasarlad\u0131\u011f\u0131m\u0131z her ev, s\u0131n\u0131rs\u0131z hayal g\u00fcc\u00fc, istedi\u011finiz renk se\u00e7ene\u011fi, bulunaca\u011f\u0131n\u0131z yerin mevsimine uygunlu\u011fu a\u00e7\u0131s\u0131ndan size hayal edemeyece\u011finiz kadar s\u0131n\u0131rs\u0131z se\u00e7enekler sunmaktad\u0131r. Standart ev tipleri \u00fcretmektense sizin isteklerinizi dikkate alarak tasarlanan evlerimizde standart olan \u015fey sadece malzemelerimizin, evlerimizin ve ekibimizin kalitesidir.<\/h2>\t\t<\/div>\n\t\t\t\t<\/div>\n\t\t\t\t\t<\/div>\n\t\t<\/div>\n\t\t\t\t\t\t\t<\/div>\n\t\t<\/section>\n\t\t\t\t<section class=\"elementor-section elementor-top-section elementor-element elementor-element-6d67839 elementor-section-boxed elementor-section-height-default elementor-section-height-default\" data-id=\"6d67839\" data-element_type=\"section\">\n\t\t\t\t\t\t<div class=\"elementor-container elementor-column-gap-default\">\n\t\t\t\t\t<div class=\"elementor-column elementor-col-100 elementor-top-column elementor-element elementor-element-de8318e\" data-id=\"de8318e\" data-element_type=\"column\">\n\t\t\t<div class=\"elementor-widget-wrap elementor-element-populated\">\n\t\t\t\t\t\t\t\t<div class=\"elementor-element elementor-element-59b49bd elementor-grid-3 elementor-product-loop-item--align-center elementor-grid-tablet-3 elementor-grid-mobile-2 elementor-products-grid elementor-wc-products elementor-widget elementor-widget-woocommerce-products\" data-id=\"59b49bd\" data-element_type=\"widget\" data-widget_type=\"woocommerce-products.default\">\n\t\t\t\t<div class=\"elementor-widget-container\">\n\t\t\t<link rel=\"stylesheet\" href=\"https:\/\/guvenliyasam.net\/wp-content\/plugins\/elementor-pro\/assets\/css\/widget-woocommerce.min.css\"><div class=\"woocommerce columns-3 \"><ul class=\"products elementor-grid columns-3\">\n<li class=\"product type-product post-6462 status-publish first instock product_cat-prefabrik-ev has-post-thumbnail shipping-taxable product-type-simple\">\n\t<a href=\"https:\/\/guvenliyasam.net\/?product=loft-45-m2-tek-katli-21-prefabrik-ev\" class=\"woocommerce-LoopProduct-link woocommerce-loop-product__link\"><img loading=\"lazy\" decoding=\"async\" width=\"500\" height=\"500\" src=\"https:\/\/guvenliyasam.net\/wp-content\/uploads\/2023\/03\/Loft-500x500.jpg\" class=\"attachment-woocommerce_thumbnail size-woocommerce_thumbnail\" alt=\"\" srcset=\"https:\/\/guvenliyasam.net\/wp-content\/uploads\/2023\/03\/Loft-500x500.jpg 500w, https:\/\/guvenliyasam.net\/wp-content\/uploads\/2023\/03\/Loft-100x100.jpg 100w\" sizes=\"(max-width: 500px) 100vw, 500px\" \/><span class=\"cat_product\">Prefabrik Ev<\/span><h2 class=\"woocommerce-loop-product__title\">Loft Prefabrik Ev<\/h2>\n<\/a><a href=\"https:\/\/guvenliyasam.net\/?product=loft-45-m2-tek-katli-21-prefabrik-ev\" data-quantity=\"1\" class=\"button wp-element-button product_type_simple\" data-product_id=\"6462\" data-product_sku=\"\" aria-label=\"Read more about &ldquo;Loft Prefabrik Ev&rdquo;\" rel=\"nofollow\">\u0130ncele<\/a><\/li>\n<li class=\"product type-product post-6305 status-publish instock product_cat-celik-evler has-post-thumbnail shipping-taxable product-type-simple\">\n\t<a href=\"https:\/\/guvenliyasam.net\/?product=34-m2-tek-katli-celik-ev\" class=\"woocommerce-LoopProduct-link woocommerce-loop-product__link\"><img loading=\"lazy\" decoding=\"async\" width=\"500\" height=\"500\" src=\"https:\/\/guvenliyasam.net\/wp-content\/uploads\/2023\/03\/Flora-500x500.jpeg\" class=\"attachment-woocommerce_thumbnail size-woocommerce_thumbnail\" alt=\"\" srcset=\"https:\/\/guvenliyasam.net\/wp-content\/uploads\/2023\/03\/Flora-500x500.jpeg 500w, https:\/\/guvenliyasam.net\/wp-content\/uploads\/2023\/03\/Flora-100x100.jpeg 100w, https:\/\/guvenliyasam.net\/wp-content\/uploads\/2023\/03\/Flora-150x150.jpeg 150w, https:\/\/guvenliyasam.net\/wp-content\/uploads\/2023\/03\/Flora-600x600.jpeg 600w\" sizes=\"(max-width: 500px) 100vw, 500px\" \/><span class=\"cat_product\">\u00c7elik Evler<\/span><h2 class=\"woocommerce-loop-product__title\">Arte 90 m2 Tek Katl\u0131 \u00c7elik Ev<\/h2>\n<\/a><a href=\"https:\/\/guvenliyasam.net\/?product=34-m2-tek-katli-celik-ev\" data-quantity=\"1\" class=\"button wp-element-button product_type_simple\" data-product_id=\"6305\" data-product_sku=\"\" aria-label=\"Read more about &ldquo;Arte 90 m2 Tek Katl\u0131 \u00c7elik Ev&rdquo;\" rel=\"nofollow\">\u0130ncele<\/a><\/li>\n<li class=\"product type-product post-6301 status-publish last instock product_cat-prefabrik-ev has-post-thumbnail shipping-taxable product-type-simple\">\n\t<a href=\"https:\/\/guvenliyasam.net\/?product=99-m2-iki-katli-21-celik-ev\" class=\"woocommerce-LoopProduct-link woocommerce-loop-product__link\"><img loading=\"lazy\" decoding=\"async\" width=\"500\" height=\"500\" src=\"https:\/\/guvenliyasam.net\/wp-content\/uploads\/2023\/03\/Icon-500x500.jpg\" class=\"attachment-woocommerce_thumbnail size-woocommerce_thumbnail\" alt=\"\" srcset=\"https:\/\/guvenliyasam.net\/wp-content\/uploads\/2023\/03\/Icon-500x500.jpg 500w, https:\/\/guvenliyasam.net\/wp-content\/uploads\/2023\/03\/Icon-100x100.jpg 100w\" sizes=\"(max-width: 500px) 100vw, 500px\" \/><span class=\"cat_product\">Prefabrik Ev<\/span><h2 class=\"woocommerce-loop-product__title\">Icon 208 m2 2 Katl\u0131 Prefabrik Ev<\/h2>\n<\/a><a href=\"https:\/\/guvenliyasam.net\/?product=99-m2-iki-katli-21-celik-ev\" data-quantity=\"1\" class=\"button wp-element-button product_type_simple\" data-product_id=\"6301\" data-product_sku=\"\" aria-label=\"Read more about &ldquo;Icon 208 m2 2 Katl\u0131 Prefabrik Ev&rdquo;\" rel=\"nofollow\">\u0130ncele<\/a><\/li>\n<li class=\"product type-product post-6190 status-publish first instock product_cat-celik-evler has-post-thumbnail shipping-taxable product-type-simple\">\n\t<a href=\"https:\/\/guvenliyasam.net\/?product=45-m2-iki-katli-21-prefabrik-ev\" class=\"woocommerce-LoopProduct-link woocommerce-loop-product__link\"><img loading=\"lazy\" decoding=\"async\" width=\"500\" height=\"500\" src=\"https:\/\/guvenliyasam.net\/wp-content\/uploads\/2023\/03\/prefabrik-4-500x500.jpg\" class=\"attachment-woocommerce_thumbnail size-woocommerce_thumbnail\" alt=\"\" srcset=\"https:\/\/guvenliyasam.net\/wp-content\/uploads\/2023\/03\/prefabrik-4-500x500.jpg 500w, https:\/\/guvenliyasam.net\/wp-content\/uploads\/2023\/03\/prefabrik-4-100x100.jpg 100w, https:\/\/guvenliyasam.net\/wp-content\/uploads\/2023\/03\/prefabrik-4-150x150.jpg 150w\" sizes=\"(max-width: 500px) 100vw, 500px\" \/><span class=\"cat_product\">\u00c7elik Evler<\/span><h2 class=\"woocommerce-loop-product__title\">Garden 149m2 C\u0327elik Ev<\/h2>\n<\/a><a href=\"https:\/\/guvenliyasam.net\/?product=45-m2-iki-katli-21-prefabrik-ev\" data-quantity=\"1\" class=\"button wp-element-button product_type_simple\" data-product_id=\"6190\" data-product_sku=\"\" aria-label=\"Read more about &ldquo;Garden 149m2 C\u0327elik Ev&rdquo;\" rel=\"nofollow\">\u0130ncele<\/a><\/li>\n<li class=\"product type-product post-6188 status-publish instock product_cat-konteyner-ev has-post-thumbnail shipping-taxable product-type-simple\">\n\t<a href=\"https:\/\/guvenliyasam.net\/?product=66-m2-tek-katli-21-prefabrik-ev\" class=\"woocommerce-LoopProduct-link woocommerce-loop-product__link\"><img loading=\"lazy\" decoding=\"async\" width=\"500\" height=\"500\" src=\"https:\/\/guvenliyasam.net\/wp-content\/uploads\/2023\/03\/Atlanta-500x500.jpeg\" class=\"attachment-woocommerce_thumbnail size-woocommerce_thumbnail\" alt=\"\" srcset=\"https:\/\/guvenliyasam.net\/wp-content\/uploads\/2023\/03\/Atlanta-500x500.jpeg 500w, https:\/\/guvenliyasam.net\/wp-content\/uploads\/2023\/03\/Atlanta-100x100.jpeg 100w, https:\/\/guvenliyasam.net\/wp-content\/uploads\/2023\/03\/Atlanta-150x150.jpeg 150w, https:\/\/guvenliyasam.net\/wp-content\/uploads\/2023\/03\/Atlanta-1080x1080.jpeg 1080w\" sizes=\"(max-width: 500px) 100vw, 500px\" \/><span class=\"cat_product\">Konteyner Ev<\/span><h2 class=\"woocommerce-loop-product__title\">Casa 43m2 Konteyner Ev<\/h2>\n<\/a><a href=\"https:\/\/guvenliyasam.net\/?product=66-m2-tek-katli-21-prefabrik-ev\" data-quantity=\"1\" class=\"button wp-element-button product_type_simple\" data-product_id=\"6188\" data-product_sku=\"\" aria-label=\"Read more about &ldquo;Casa 43m2 Konteyner Ev&rdquo;\" rel=\"nofollow\">\u0130ncele<\/a><\/li>\n<li class=\"product type-product post-6135 status-publish last instock product_cat-konteyner-ev has-post-thumbnail shipping-taxable product-type-simple\">\n\t<a href=\"https:\/\/guvenliyasam.net\/?product=33-m2-tek-katli-11-prefabrik-ev\" class=\"woocommerce-LoopProduct-link woocommerce-loop-product__link\"><img loading=\"lazy\" decoding=\"async\" width=\"500\" height=\"500\" src=\"https:\/\/guvenliyasam.net\/wp-content\/uploads\/2023\/03\/Custom-Konteyner4-500x500.jpeg\" class=\"attachment-woocommerce_thumbnail size-woocommerce_thumbnail\" alt=\"\" srcset=\"https:\/\/guvenliyasam.net\/wp-content\/uploads\/2023\/03\/Custom-Konteyner4-500x500.jpeg 500w, https:\/\/guvenliyasam.net\/wp-content\/uploads\/2023\/03\/Custom-Konteyner4-100x100.jpeg 100w, https:\/\/guvenliyasam.net\/wp-content\/uploads\/2023\/03\/Custom-Konteyner4-150x150.jpeg 150w, https:\/\/guvenliyasam.net\/wp-content\/uploads\/2023\/03\/Custom-Konteyner4-1271x1271.jpeg 1271w\" sizes=\"(max-width: 500px) 100vw, 500px\" \/><span class=\"cat_product\">Konteyner Ev<\/span><h2 class=\"woocommerce-loop-product__title\">Nova 65m2 Tek Katl\u0131 Konteyner Ev<\/h2>\n<\/a><a href=\"https:\/\/guvenliyasam.net\/?product=33-m2-tek-katli-11-prefabrik-ev\" data-quantity=\"1\" class=\"button wp-element-button product_type_simple\" data-product_id=\"6135\" data-product_sku=\"\" aria-label=\"Read more about &ldquo;Nova 65m2 Tek Katl\u0131 Konteyner Ev&rdquo;\" rel=\"nofollow\">\u0130ncele<\/a><\/li>\n<\/ul>\n<\/div>\t\t<\/div>\n\t\t\t\t<\/div>\n\t\t\t\t\t<\/div>\n\t\t<\/div>\n\t\t\t\t\t\t\t<\/div>\n\t\t<\/section>\n\t\t\t\t\t\t\t<\/div>\n\t\t","protected":false},"excerpt":{"rendered":"<p>\u00dcr\u00fcnlerimiz Prefabrik ev fiyatlar\u0131 ile ilgili bir ara\u015ft\u0131rma m\u0131 yapmak istiyorsunuz? O zaman size firmam\u0131z\u0131n prefabrik ev modelleri se\u00e7eneklerini de\u011ferlendirmenizi tavsiye edebiliriz. Tek katl\u0131 ya da \u00e7ift katl\u0131, tek oda, iki oda, \u00fc\u00e7, d\u00f6rt ya da sizin istedi\u011finiz ka\u00e7 oda ise say\u0131s\u0131 art\u0131r\u0131labilecek \u015fekilde tasar\u0131m\u0131 yap\u0131lan, plan\u0131 \u00e7izilen ve par\u00e7alar\u0131 olu\u015fturulan ev modellerimiz i\u00e7in internet [&hellip;]<\/p>\n","protected":false},"author":1,"featured_media":0,"parent":0,"menu_order":0,"comment_status":"closed","ping_status":"closed","template":"elementor_header_footer","meta":{"footnotes":""},"_links":{"self":[{"href":"https:\/\/guvenliyasam.net\/index.php?rest_route=\/wp\/v2\/pages\/6458"}],"collection":[{"href":"https:\/\/guvenliyasam.net\/index.php?rest_route=\/wp\/v2\/pages"}],"about":[{"href":"https:\/\/guvenliyasam.net\/index.php?rest_route=\/wp\/v2\/types\/page"}],"author":[{"embeddable":true,"href":"https:\/\/guvenliyasam.net\/index.php?rest_route=\/wp\/v2\/users\/1"}],"replies":[{"embeddable":true,"href":"https:\/\/guvenliyasam.net\/index.php?rest_route=%2Fwp%2Fv2%2Fcomments&post=6458"}],"version-history":[{"count":7,"href":"https:\/\/guvenliyasam.net\/index.php?rest_route=\/wp\/v2\/pages\/6458\/revisions"}],"predecessor-version":[{"id":6522,"href":"https:\/\/guvenliyasam.net\/index.php?rest_route=\/wp\/v2\/pages\/6458\/revisions\/6522"}],"wp:attachment":[{"href":"https:\/\/guvenliyasam.net\/index.php?rest_route=%2Fwp%2Fv2%2Fmedia&parent=6458"}],"curies":[{"name":"wp","href":"https:\/\/api.w.org\/{rel}","templated":true}]}}