{"id":6243,"date":"2023-03-20T12:21:31","date_gmt":"2023-03-20T12:21:31","guid":{"rendered":"https:\/\/guvenliyasam.net\/?page_id=6243"},"modified":"2023-04-04T06:42:17","modified_gmt":"2023-04-04T06:42:17","slug":"konteyner","status":"publish","type":"page","link":"https:\/\/guvenliyasam.net\/?page_id=6243","title":{"rendered":"Konteyner"},"content":{"rendered":"\t\t<div data-elementor-type=\"wp-page\" data-elementor-id=\"6243\" class=\"elementor elementor-6243\">\n\t\t\t\t\t\t\t\t\t<section class=\"elementor-section elementor-top-section elementor-element elementor-element-18613b1 elementor-section-boxed elementor-section-height-default elementor-section-height-default\" data-id=\"18613b1\" data-element_type=\"section\">\n\t\t\t\t\t\t<div class=\"elementor-container elementor-column-gap-default\">\n\t\t\t\t\t<div class=\"elementor-column elementor-col-100 elementor-top-column elementor-element elementor-element-6cd1dba\" data-id=\"6cd1dba\" data-element_type=\"column\">\n\t\t\t<div class=\"elementor-widget-wrap elementor-element-populated\">\n\t\t\t\t\t\t\t\t<div class=\"elementor-element elementor-element-4097366 elementor-widget elementor-widget-heading\" data-id=\"4097366\" data-element_type=\"widget\" data-widget_type=\"heading.default\">\n\t\t\t\t<div class=\"elementor-widget-container\">\n\t\t\t<style>\/*! elementor - v3.11.5 - 14-03-2023 *\/\n.elementor-heading-title{padding:0;margin:0;line-height:1}.elementor-widget-heading .elementor-heading-title[class*=elementor-size-]>a{color:inherit;font-size:inherit;line-height:inherit}.elementor-widget-heading .elementor-heading-title.elementor-size-small{font-size:15px}.elementor-widget-heading .elementor-heading-title.elementor-size-medium{font-size:19px}.elementor-widget-heading .elementor-heading-title.elementor-size-large{font-size:29px}.elementor-widget-heading .elementor-heading-title.elementor-size-xl{font-size:39px}.elementor-widget-heading .elementor-heading-title.elementor-size-xxl{font-size:59px}<\/style><h2 class=\"elementor-heading-title elementor-size-default\">Konteyner<\/h2>\t\t<\/div>\n\t\t\t\t<\/div>\n\t\t\t\t<div class=\"elementor-element elementor-element-cc3433c elementor-widget elementor-widget-heading\" data-id=\"cc3433c\" data-element_type=\"widget\" data-widget_type=\"heading.default\">\n\t\t\t\t<div class=\"elementor-widget-container\">\n\t\t\t<h2 class=\"elementor-heading-title elementor-size-default\">Firmam\u0131z, demonte konteyner, konteyner ev, yatakhane, yemekhane ve tuvalet se\u00e7enekleri sunmaktad\u0131r. Dayan\u0131kl\u0131 ve ta\u015f\u0131nabilir malzemelerden \u00fcretilen konteynerlerimiz, farkl\u0131 boyut ve tasar\u0131mlarda \u00f6zelle\u015ftirilebilir. Sat\u0131\u015f ve kiralama hizmetlerimizle m\u00fc\u015fterilerimize maliyetli \u00e7\u00f6z\u00fcmler sunuyoruz. Montaj, demontaj, bak\u0131m ve onar\u0131m i\u015flemleri profesyonel ekibimiz taraf\u0131ndan yap\u0131l\u0131r. M\u00fc\u015fteri memnuniyeti odakl\u0131 hizmet anlay\u0131\u015f\u0131m\u0131zla her t\u00fcrl\u00fc sorunuz i\u00e7in m\u00fc\u015fteri hizmetleri ekibimize ula\u015fabilirsiniz.<\/h2>\t\t<\/div>\n\t\t\t\t<\/div>\n\t\t\t\t\t<\/div>\n\t\t<\/div>\n\t\t\t\t\t\t\t<\/div>\n\t\t<\/section>\n\t\t\t\t<section class=\"elementor-section elementor-top-section elementor-element elementor-element-197b2d2 elementor-section-boxed elementor-section-height-default elementor-section-height-default\" data-id=\"197b2d2\" data-element_type=\"section\">\n\t\t\t\t\t\t<div class=\"elementor-container elementor-column-gap-default\">\n\t\t\t\t\t<div class=\"elementor-column elementor-col-100 elementor-top-column elementor-element elementor-element-fb2cab4\" data-id=\"fb2cab4\" data-element_type=\"column\">\n\t\t\t<div class=\"elementor-widget-wrap elementor-element-populated\">\n\t\t\t\t\t\t\t\t<div class=\"elementor-element elementor-element-954acee elementor-grid-3 elementor-product-loop-item--align-center elementor-grid-tablet-3 elementor-grid-mobile-2 elementor-products-grid elementor-wc-products elementor-widget elementor-widget-woocommerce-products\" data-id=\"954acee\" data-element_type=\"widget\" data-widget_type=\"woocommerce-products.default\">\n\t\t\t\t<div class=\"elementor-widget-container\">\n\t\t\t<link rel=\"stylesheet\" href=\"https:\/\/guvenliyasam.net\/wp-content\/plugins\/elementor-pro\/assets\/css\/widget-woocommerce.min.css\"><div class=\"woocommerce columns-3 \"><ul class=\"products elementor-grid columns-3\">\n<li class=\"product type-product post-6188 status-publish first instock product_cat-konteyner-ev has-post-thumbnail shipping-taxable product-type-simple\">\n\t<a href=\"https:\/\/guvenliyasam.net\/?product=66-m2-tek-katli-21-prefabrik-ev\" class=\"woocommerce-LoopProduct-link woocommerce-loop-product__link\"><img loading=\"lazy\" decoding=\"async\" width=\"500\" height=\"500\" src=\"https:\/\/guvenliyasam.net\/wp-content\/uploads\/2023\/03\/Atlanta-500x500.jpeg\" class=\"attachment-woocommerce_thumbnail size-woocommerce_thumbnail\" alt=\"\" srcset=\"https:\/\/guvenliyasam.net\/wp-content\/uploads\/2023\/03\/Atlanta-500x500.jpeg 500w, https:\/\/guvenliyasam.net\/wp-content\/uploads\/2023\/03\/Atlanta-100x100.jpeg 100w, https:\/\/guvenliyasam.net\/wp-content\/uploads\/2023\/03\/Atlanta-150x150.jpeg 150w, https:\/\/guvenliyasam.net\/wp-content\/uploads\/2023\/03\/Atlanta-1080x1080.jpeg 1080w\" sizes=\"(max-width: 500px) 100vw, 500px\" \/><span class=\"cat_product\">Konteyner Ev<\/span><h2 class=\"woocommerce-loop-product__title\">Casa 43m2 Konteyner Ev<\/h2>\n<\/a><a href=\"https:\/\/guvenliyasam.net\/?product=66-m2-tek-katli-21-prefabrik-ev\" data-quantity=\"1\" class=\"button wp-element-button product_type_simple\" data-product_id=\"6188\" data-product_sku=\"\" aria-label=\"Read more about &ldquo;Casa 43m2 Konteyner Ev&rdquo;\" rel=\"nofollow\">\u0130ncele<\/a><\/li>\n<li class=\"product type-product post-6135 status-publish instock product_cat-konteyner-ev has-post-thumbnail shipping-taxable product-type-simple\">\n\t<a href=\"https:\/\/guvenliyasam.net\/?product=33-m2-tek-katli-11-prefabrik-ev\" class=\"woocommerce-LoopProduct-link woocommerce-loop-product__link\"><img loading=\"lazy\" decoding=\"async\" width=\"500\" height=\"500\" src=\"https:\/\/guvenliyasam.net\/wp-content\/uploads\/2023\/03\/Custom-Konteyner4-500x500.jpeg\" class=\"attachment-woocommerce_thumbnail size-woocommerce_thumbnail\" alt=\"\" srcset=\"https:\/\/guvenliyasam.net\/wp-content\/uploads\/2023\/03\/Custom-Konteyner4-500x500.jpeg 500w, https:\/\/guvenliyasam.net\/wp-content\/uploads\/2023\/03\/Custom-Konteyner4-100x100.jpeg 100w, https:\/\/guvenliyasam.net\/wp-content\/uploads\/2023\/03\/Custom-Konteyner4-150x150.jpeg 150w, https:\/\/guvenliyasam.net\/wp-content\/uploads\/2023\/03\/Custom-Konteyner4-1271x1271.jpeg 1271w\" sizes=\"(max-width: 500px) 100vw, 500px\" \/><span class=\"cat_product\">Konteyner Ev<\/span><h2 class=\"woocommerce-loop-product__title\">Nova 65m2 Tek Katl\u0131 Konteyner Ev<\/h2>\n<\/a><a href=\"https:\/\/guvenliyasam.net\/?product=33-m2-tek-katli-11-prefabrik-ev\" data-quantity=\"1\" class=\"button wp-element-button product_type_simple\" data-product_id=\"6135\" data-product_sku=\"\" aria-label=\"Read more about &ldquo;Nova 65m2 Tek Katl\u0131 Konteyner Ev&rdquo;\" rel=\"nofollow\">\u0130ncele<\/a><\/li>\n<\/ul>\n<\/div>\t\t<\/div>\n\t\t\t\t<\/div>\n\t\t\t\t\t<\/div>\n\t\t<\/div>\n\t\t\t\t\t\t\t<\/div>\n\t\t<\/section>\n\t\t\t\t\t\t\t<\/div>\n\t\t","protected":false},"excerpt":{"rendered":"<p>Konteyner Firmam\u0131z, demonte konteyner, konteyner ev, yatakhane, yemekhane ve tuvalet se\u00e7enekleri sunmaktad\u0131r. Dayan\u0131kl\u0131 ve ta\u015f\u0131nabilir malzemelerden \u00fcretilen konteynerlerimiz, farkl\u0131 boyut ve tasar\u0131mlarda \u00f6zelle\u015ftirilebilir. Sat\u0131\u015f ve kiralama hizmetlerimizle m\u00fc\u015fterilerimize maliyetli \u00e7\u00f6z\u00fcmler sunuyoruz. Montaj, demontaj, bak\u0131m ve onar\u0131m i\u015flemleri profesyonel ekibimiz taraf\u0131ndan yap\u0131l\u0131r. M\u00fc\u015fteri memnuniyeti odakl\u0131 hizmet anlay\u0131\u015f\u0131m\u0131zla her t\u00fcrl\u00fc sorunuz i\u00e7in m\u00fc\u015fteri hizmetleri ekibimize ula\u015fabilirsiniz.<\/p>\n","protected":false},"author":1,"featured_media":0,"parent":0,"menu_order":0,"comment_status":"closed","ping_status":"closed","template":"elementor_header_footer","meta":{"footnotes":""},"_links":{"self":[{"href":"https:\/\/guvenliyasam.net\/index.php?rest_route=\/wp\/v2\/pages\/6243"}],"collection":[{"href":"https:\/\/guvenliyasam.net\/index.php?rest_route=\/wp\/v2\/pages"}],"about":[{"href":"https:\/\/guvenliyasam.net\/index.php?rest_route=\/wp\/v2\/types\/page"}],"author":[{"embeddable":true,"href":"https:\/\/guvenliyasam.net\/index.php?rest_route=\/wp\/v2\/users\/1"}],"replies":[{"embeddable":true,"href":"https:\/\/guvenliyasam.net\/index.php?rest_route=%2Fwp%2Fv2%2Fcomments&post=6243"}],"version-history":[{"count":10,"href":"https:\/\/guvenliyasam.net\/index.php?rest_route=\/wp\/v2\/pages\/6243\/revisions"}],"predecessor-version":[{"id":6609,"href":"https:\/\/guvenliyasam.net\/index.php?rest_route=\/wp\/v2\/pages\/6243\/revisions\/6609"}],"wp:attachment":[{"href":"https:\/\/guvenliyasam.net\/index.php?rest_route=%2Fwp%2Fv2%2Fmedia&parent=6243"}],"curies":[{"name":"wp","href":"https:\/\/api.w.org\/{rel}","templated":true}]}}