{"id":6210,"date":"2023-03-20T12:04:27","date_gmt":"2023-03-20T12:04:27","guid":{"rendered":"https:\/\/guvenliyasam.net\/?page_id=6210"},"modified":"2023-04-03T13:32:29","modified_gmt":"2023-04-03T13:32:29","slug":"prefabrik-evler","status":"publish","type":"page","link":"https:\/\/guvenliyasam.net\/?page_id=6210","title":{"rendered":"Prefabrik Evler"},"content":{"rendered":"\t\t<div data-elementor-type=\"wp-page\" data-elementor-id=\"6210\" class=\"elementor elementor-6210\">\n\t\t\t\t\t\t\t\t\t<section class=\"elementor-section elementor-top-section elementor-element elementor-element-5260782 elementor-section-boxed elementor-section-height-default elementor-section-height-default\" data-id=\"5260782\" data-element_type=\"section\">\n\t\t\t\t\t\t<div class=\"elementor-container elementor-column-gap-default\">\n\t\t\t\t\t<div class=\"elementor-column elementor-col-100 elementor-top-column elementor-element elementor-element-6f15904\" data-id=\"6f15904\" data-element_type=\"column\">\n\t\t\t<div class=\"elementor-widget-wrap elementor-element-populated\">\n\t\t\t\t\t\t\t\t<div class=\"elementor-element elementor-element-8f87f33 elementor-widget elementor-widget-heading\" data-id=\"8f87f33\" data-element_type=\"widget\" data-widget_type=\"heading.default\">\n\t\t\t\t<div class=\"elementor-widget-container\">\n\t\t\t<style>\/*! elementor - v3.11.5 - 14-03-2023 *\/\n.elementor-heading-title{padding:0;margin:0;line-height:1}.elementor-widget-heading .elementor-heading-title[class*=elementor-size-]>a{color:inherit;font-size:inherit;line-height:inherit}.elementor-widget-heading .elementor-heading-title.elementor-size-small{font-size:15px}.elementor-widget-heading .elementor-heading-title.elementor-size-medium{font-size:19px}.elementor-widget-heading .elementor-heading-title.elementor-size-large{font-size:29px}.elementor-widget-heading .elementor-heading-title.elementor-size-xl{font-size:39px}.elementor-widget-heading .elementor-heading-title.elementor-size-xxl{font-size:59px}<\/style><h2 class=\"elementor-heading-title elementor-size-default\">Prefabrik Evler<\/h2>\t\t<\/div>\n\t\t\t\t<\/div>\n\t\t\t\t<div class=\"elementor-element elementor-element-5979406 elementor-widget elementor-widget-heading\" data-id=\"5979406\" data-element_type=\"widget\" data-widget_type=\"heading.default\">\n\t\t\t\t<div class=\"elementor-widget-container\">\n\t\t\t<h2 class=\"elementor-heading-title elementor-size-default\">Prefabrik evler, m\u00fc\u015fterilerimize sundu\u011fumuz en pop\u00fcler konut se\u00e7eneklerinden biridir ve bir\u00e7ok a\u00e7\u0131dan olduk\u00e7a avantajl\u0131d\u0131r.\n\u00d6ncelikle, prefabrik evler son derece sa\u011flamd\u0131r. Bu evler, g\u00fc\u00e7l\u00fc ve dayan\u0131kl\u0131 malzemeler kullan\u0131larak \u00fcretilir ve sa\u011flam bir yap\u0131ya sahiptir. Bunun yan\u0131 s\u0131ra, prefabrik evler do\u011fal afetlere kar\u015f\u0131 da olduk\u00e7a dayan\u0131kl\u0131d\u0131r.\nBir di\u011fer \u00f6nemli avantaj\u0131 ise prefabrik evlerin uygun fiyatlar\u0131d\u0131r. Prefabrik evler, yerinde in\u015fa edilen evlere g\u00f6re daha d\u00fc\u015f\u00fck maliyetli bir se\u00e7enektir. \u0130n\u015faat s\u00fcreci fabrikalarda ger\u00e7ekle\u015ftirilir ve ard\u0131ndan par\u00e7alar\u0131 m\u00fc\u015fterilerimizin istedi\u011fi yere g\u00f6nderilir. \nMontaj\u0131 h\u0131zl\u0131 ve kolayd\u0131r, bu nedenle prefabrik evler acil konut ihtiyac\u0131 olan m\u00fc\u015fterilerimiz i\u00e7in ideal bir se\u00e7enektir. \nYani, bizim i\u00e7in prefabrik evler olduk\u00e7a \u00f6nemli bir konut se\u00e7ene\u011fidir. M\u00fc\u015fterilerimiz bu evlerde ya\u015farken sa\u011flaml\u0131klar\u0131, fiyat tercihleri ve pratiklikleri sayesinde g\u00fcvenli ve rahat bir ya\u015fam s\u00fcrerler. <\/h2>\t\t<\/div>\n\t\t\t\t<\/div>\n\t\t\t\t\t<\/div>\n\t\t<\/div>\n\t\t\t\t\t\t\t<\/div>\n\t\t<\/section>\n\t\t\t\t<section class=\"elementor-section elementor-top-section elementor-element elementor-element-2d126d5 elementor-section-boxed elementor-section-height-default elementor-section-height-default\" data-id=\"2d126d5\" data-element_type=\"section\">\n\t\t\t\t\t\t<div class=\"elementor-container elementor-column-gap-default\">\n\t\t\t\t\t<div class=\"elementor-column elementor-col-100 elementor-top-column elementor-element elementor-element-8d21641\" data-id=\"8d21641\" data-element_type=\"column\">\n\t\t\t<div class=\"elementor-widget-wrap elementor-element-populated\">\n\t\t\t\t\t\t\t\t<div class=\"elementor-element elementor-element-01b995e elementor-grid-3 elementor-product-loop-item--align-center elementor-grid-tablet-3 elementor-grid-mobile-2 elementor-products-grid elementor-wc-products elementor-widget elementor-widget-woocommerce-products\" data-id=\"01b995e\" data-element_type=\"widget\" data-widget_type=\"woocommerce-products.default\">\n\t\t\t\t<div class=\"elementor-widget-container\">\n\t\t\t<link rel=\"stylesheet\" href=\"https:\/\/guvenliyasam.net\/wp-content\/plugins\/elementor-pro\/assets\/css\/widget-woocommerce.min.css\"><div class=\"woocommerce columns-3 \"><ul class=\"products elementor-grid columns-3\">\n<li class=\"product type-product post-6462 status-publish first instock product_cat-prefabrik-ev has-post-thumbnail shipping-taxable product-type-simple\">\n\t<a href=\"https:\/\/guvenliyasam.net\/?product=loft-45-m2-tek-katli-21-prefabrik-ev\" class=\"woocommerce-LoopProduct-link woocommerce-loop-product__link\"><img loading=\"lazy\" decoding=\"async\" width=\"500\" height=\"500\" src=\"https:\/\/guvenliyasam.net\/wp-content\/uploads\/2023\/03\/Loft-500x500.jpg\" class=\"attachment-woocommerce_thumbnail size-woocommerce_thumbnail\" alt=\"\" srcset=\"https:\/\/guvenliyasam.net\/wp-content\/uploads\/2023\/03\/Loft-500x500.jpg 500w, https:\/\/guvenliyasam.net\/wp-content\/uploads\/2023\/03\/Loft-100x100.jpg 100w\" sizes=\"(max-width: 500px) 100vw, 500px\" \/><span class=\"cat_product\">Prefabrik Ev<\/span><h2 class=\"woocommerce-loop-product__title\">Loft Prefabrik Ev<\/h2>\n<\/a><a href=\"https:\/\/guvenliyasam.net\/?product=loft-45-m2-tek-katli-21-prefabrik-ev\" data-quantity=\"1\" class=\"button wp-element-button product_type_simple\" data-product_id=\"6462\" data-product_sku=\"\" aria-label=\"Read more about &ldquo;Loft Prefabrik Ev&rdquo;\" rel=\"nofollow\">\u0130ncele<\/a><\/li>\n<li class=\"product type-product post-6301 status-publish instock product_cat-prefabrik-ev has-post-thumbnail shipping-taxable product-type-simple\">\n\t<a href=\"https:\/\/guvenliyasam.net\/?product=99-m2-iki-katli-21-celik-ev\" class=\"woocommerce-LoopProduct-link woocommerce-loop-product__link\"><img loading=\"lazy\" decoding=\"async\" width=\"500\" height=\"500\" src=\"https:\/\/guvenliyasam.net\/wp-content\/uploads\/2023\/03\/Icon-500x500.jpg\" class=\"attachment-woocommerce_thumbnail size-woocommerce_thumbnail\" alt=\"\" srcset=\"https:\/\/guvenliyasam.net\/wp-content\/uploads\/2023\/03\/Icon-500x500.jpg 500w, https:\/\/guvenliyasam.net\/wp-content\/uploads\/2023\/03\/Icon-100x100.jpg 100w\" sizes=\"(max-width: 500px) 100vw, 500px\" \/><span class=\"cat_product\">Prefabrik Ev<\/span><h2 class=\"woocommerce-loop-product__title\">Icon 208 m2 2 Katl\u0131 Prefabrik Ev<\/h2>\n<\/a><a href=\"https:\/\/guvenliyasam.net\/?product=99-m2-iki-katli-21-celik-ev\" data-quantity=\"1\" class=\"button wp-element-button product_type_simple\" data-product_id=\"6301\" data-product_sku=\"\" aria-label=\"Read more about &ldquo;Icon 208 m2 2 Katl\u0131 Prefabrik Ev&rdquo;\" rel=\"nofollow\">\u0130ncele<\/a><\/li>\n<\/ul>\n<\/div>\t\t<\/div>\n\t\t\t\t<\/div>\n\t\t\t\t\t<\/div>\n\t\t<\/div>\n\t\t\t\t\t\t\t<\/div>\n\t\t<\/section>\n\t\t\t\t\t\t\t<\/div>\n\t\t","protected":false},"excerpt":{"rendered":"<p>Prefabrik Evler Prefabrik evler, m\u00fc\u015fterilerimize sundu\u011fumuz en pop\u00fcler konut se\u00e7eneklerinden biridir ve bir\u00e7ok a\u00e7\u0131dan olduk\u00e7a avantajl\u0131d\u0131r. \u00d6ncelikle, prefabrik evler son derece sa\u011flamd\u0131r. Bu evler, g\u00fc\u00e7l\u00fc ve dayan\u0131kl\u0131 malzemeler kullan\u0131larak \u00fcretilir ve sa\u011flam bir yap\u0131ya sahiptir. Bunun yan\u0131 s\u0131ra, prefabrik evler do\u011fal afetlere kar\u015f\u0131 da olduk\u00e7a dayan\u0131kl\u0131d\u0131r. Bir di\u011fer \u00f6nemli avantaj\u0131 ise prefabrik evlerin uygun fiyatlar\u0131d\u0131r. [&hellip;]<\/p>\n","protected":false},"author":1,"featured_media":0,"parent":0,"menu_order":0,"comment_status":"closed","ping_status":"closed","template":"elementor_header_footer","meta":{"footnotes":""},"_links":{"self":[{"href":"https:\/\/guvenliyasam.net\/index.php?rest_route=\/wp\/v2\/pages\/6210"}],"collection":[{"href":"https:\/\/guvenliyasam.net\/index.php?rest_route=\/wp\/v2\/pages"}],"about":[{"href":"https:\/\/guvenliyasam.net\/index.php?rest_route=\/wp\/v2\/types\/page"}],"author":[{"embeddable":true,"href":"https:\/\/guvenliyasam.net\/index.php?rest_route=\/wp\/v2\/users\/1"}],"replies":[{"embeddable":true,"href":"https:\/\/guvenliyasam.net\/index.php?rest_route=%2Fwp%2Fv2%2Fcomments&post=6210"}],"version-history":[{"count":13,"href":"https:\/\/guvenliyasam.net\/index.php?rest_route=\/wp\/v2\/pages\/6210\/revisions"}],"predecessor-version":[{"id":6602,"href":"https:\/\/guvenliyasam.net\/index.php?rest_route=\/wp\/v2\/pages\/6210\/revisions\/6602"}],"wp:attachment":[{"href":"https:\/\/guvenliyasam.net\/index.php?rest_route=%2Fwp%2Fv2%2Fmedia&parent=6210"}],"curies":[{"name":"wp","href":"https:\/\/api.w.org\/{rel}","templated":true}]}}